{"id":2469,"date":"2020-11-09T20:48:26","date_gmt":"2020-11-09T20:48:26","guid":{"rendered":"https:\/\/heted7nap.hu\/szabad-ferohelyeket-keresese\/"},"modified":"2020-11-09T20:48:26","modified_gmt":"2020-11-09T20:48:26","slug":"szabad-ferohelyeket-keresese","status":"publish","type":"page","link":"https:\/\/heted7nap.hu\/en\/szabad-ferohelyeket-keresese\/","title":{"rendered":"Szabad f\u00e9r\u0151helyeket keres\u00e9se"},"content":{"rendered":"<p>[mphb_availability_search]<\/p>","protected":false},"excerpt":{"rendered":"<p>[mphb_availability_search]<\/p>","protected":false},"author":2,"featured_media":0,"parent":0,"menu_order":0,"comment_status":"closed","ping_status":"closed","template":"","meta":{"footnotes":""},"class_list":["post-2469","page","type-page","status-publish","hentry"],"jetpack-related-posts":[],"jetpack_sharing_enabled":true,"_links":{"self":[{"href":"https:\/\/heted7nap.hu\/en\/wp-json\/wp\/v2\/pages\/2469","targetHints":{"allow":["GET"]}}],"collection":[{"href":"https:\/\/heted7nap.hu\/en\/wp-json\/wp\/v2\/pages"}],"about":[{"href":"https:\/\/heted7nap.hu\/en\/wp-json\/wp\/v2\/types\/page"}],"author":[{"embeddable":true,"href":"https:\/\/heted7nap.hu\/en\/wp-json\/wp\/v2\/users\/2"}],"replies":[{"embeddable":true,"href":"https:\/\/heted7nap.hu\/en\/wp-json\/wp\/v2\/comments?post=2469"}],"version-history":[{"count":0,"href":"https:\/\/heted7nap.hu\/en\/wp-json\/wp\/v2\/pages\/2469\/revisions"}],"wp:attachment":[{"href":"https:\/\/heted7nap.hu\/en\/wp-json\/wp\/v2\/media?parent=2469"}],"curies":[{"name":"wp","href":"https:\/\/api.w.org\/{rel}","templated":true}]}}