{"id":4853,"date":"2024-06-10T10:34:22","date_gmt":"2024-06-10T08:34:22","guid":{"rendered":"https:\/\/heted7nap.hu\/?page_id=4853"},"modified":"2024-11-04T09:09:28","modified_gmt":"2024-11-04T07:09:28","slug":"google-teszt","status":"publish","type":"page","link":"https:\/\/heted7nap.hu\/en\/google-teszt\/","title":{"rendered":"google teszt"},"content":{"rendered":"<p><pre class=\"ti-widget\" style=\"display: none\"><template id=\"trustindex-google-widget-html\"><div class=\"ti-widget ti-goog ti-review-text-mode-readmore ti-text-align-left\" data-no-translation=\"true\" data-layout-id=\"16\" data-layout-category=\"grid\" data-set-id=\"light-background\" data-pid=\"\" data-language=\"hu\" data-review-target-width=\"300\" data-css-version=\"2\" data-review-text-mode=\"readmore\" data-reply-by-locale=\"V\u00e1lasz a tulajdonost\u00f3l\" data-load-more-rows=\"3\" > <div class=\"ti-widget-container ti-col-3\"> <div class=\"ti-reviews-container\"> <div class=\"ti-reviews-container-wrapper\">  <div data-empty=\"0\" class=\"ti-review-item source-Google ti-image-layout-thumbnail\" data-id=\"cfcd208495d565ef66e7dff9f98764da\" > <div class=\"ti-inner\"> <div class=\"ti-review-header\"> <trustindex-image class=\"ti-platform-icon\" data-imgurl=\"https:\/\/cdn.trustindex.io\/assets\/platform\/Google\/icon.svg\" alt=\"Google\" width=\"20\" height=\"20\" loading=\"lazy\" ><\/trustindex-image> <div class=\"ti-profile-img\"> <trustindex-image data-imgurl=\"https:\/\/lh3.googleusercontent.com\/a\/ACg8ocKeRbddOLw_u0SDRWlJNb4lRZW6JkrdN6w10lMnTBnKynUOHA=w40-h40-c-rp-mo-br100\" data-imgurlset=\"https:\/\/lh3.googleusercontent.com\/a\/ACg8ocKeRbddOLw_u0SDRWlJNb4lRZW6JkrdN6w10lMnTBnKynUOHA=w80-h80-c-rp-mo-br100 2x\" alt=\"Tamas Serfozo profile picture\" loading=\"lazy\" ><\/trustindex-image> <\/div> <div class=\"ti-profile-details\"> <div class=\"ti-name\"> Tamas Serfozo <\/div> <div class=\"ti-date\">2024-04-17<\/div> <\/div> <\/div> <span class=\"ti-stars\"><trustindex-image class=\"ti-star\" data-imgurl=\"https:\/\/cdn.trustindex.io\/assets\/platform\/Google\/star\/f.svg\" alt=\"Google\" width=\"17\" height=\"17\" loading=\"lazy\" ><\/trustindex-image><trustindex-image class=\"ti-star\" data-imgurl=\"https:\/\/cdn.trustindex.io\/assets\/platform\/Google\/star\/f.svg\" alt=\"Google\" width=\"17\" height=\"17\" loading=\"lazy\" ><\/trustindex-image><trustindex-image class=\"ti-star\" data-imgurl=\"https:\/\/cdn.trustindex.io\/assets\/platform\/Google\/star\/f.svg\" alt=\"Google\" width=\"17\" height=\"17\" loading=\"lazy\" ><\/trustindex-image><trustindex-image class=\"ti-star\" data-imgurl=\"https:\/\/cdn.trustindex.io\/assets\/platform\/Google\/star\/f.svg\" alt=\"Google\" width=\"17\" height=\"17\" loading=\"lazy\" ><\/trustindex-image><trustindex-image class=\"ti-star\" data-imgurl=\"https:\/\/cdn.trustindex.io\/assets\/platform\/Google\/star\/f.svg\" alt=\"Google\" width=\"17\" height=\"17\" loading=\"lazy\" ><\/trustindex-image><span class=\"ti-verified-review ti-verified-platform\"><span class=\"ti-verified-tooltip\">A Trustindex hiteles\u00edti, hogy a v\u00e9lem\u00e9ny eredeti forr\u00e1sa Google.<\/span><\/span><\/span> <div class=\"ti-review-text-container ti-review-content\"><!-- R-CONTENT -->A p\u00e1r nap, amit itt elt\u00f6lt\u00f6tt\u00fcnk val\u00f3ban a fel\u00fcd\u00fcl\u00e9st, a pihen\u00e9st jelentette sz\u00e1munkra, a \"kicsit elb\u00faj\u00e1s a vil\u00e1g el\u0151l\"  minden sz\u00e9ps\u00e9g\u00e9vel egy\u00fctt.<!-- R-CONTENT --><\/div> <span class=\"ti-read-more\" data-container=\".ti-review-content\" data-collapse-text=\"Elrejt\" data-open-text=\"Olvass tov\u00e1bb\" ><\/span> <\/div> <\/div>  <div data-empty=\"0\" class=\"ti-review-item source-Google ti-image-layout-thumbnail\" data-id=\"cfcd208495d565ef66e7dff9f98764da\" > <div class=\"ti-inner\"> <div class=\"ti-review-header\"> <trustindex-image class=\"ti-platform-icon\" data-imgurl=\"https:\/\/cdn.trustindex.io\/assets\/platform\/Google\/icon.svg\" alt=\"Google\" width=\"20\" height=\"20\" loading=\"lazy\" ><\/trustindex-image> <div class=\"ti-profile-img\"> <trustindex-image data-imgurl=\"https:\/\/lh3.googleusercontent.com\/a-\/ALV-UjUYLtycMJkyomqtZMuFMPFqkYbFgIx6jbFTA3f3lsElgvwwsXri=w40-h40-c-rp-mo-br100\" data-imgurlset=\"https:\/\/lh3.googleusercontent.com\/a-\/ALV-UjUYLtycMJkyomqtZMuFMPFqkYbFgIx6jbFTA3f3lsElgvwwsXri=w80-h80-c-rp-mo-br100 2x\" alt=\"Mikl\u00f3s Horv\u00e1th profile picture\" loading=\"lazy\" ><\/trustindex-image> <\/div> <div class=\"ti-profile-details\"> <div class=\"ti-name\"> Mikl\u00f3s Horv\u00e1th <\/div> <div class=\"ti-date\">2023-10-31<\/div> <\/div> <\/div> <span class=\"ti-stars\"><trustindex-image class=\"ti-star\" data-imgurl=\"https:\/\/cdn.trustindex.io\/assets\/platform\/Google\/star\/f.svg\" alt=\"Google\" width=\"17\" height=\"17\" loading=\"lazy\" ><\/trustindex-image><trustindex-image class=\"ti-star\" data-imgurl=\"https:\/\/cdn.trustindex.io\/assets\/platform\/Google\/star\/f.svg\" alt=\"Google\" width=\"17\" height=\"17\" loading=\"lazy\" ><\/trustindex-image><trustindex-image class=\"ti-star\" data-imgurl=\"https:\/\/cdn.trustindex.io\/assets\/platform\/Google\/star\/f.svg\" alt=\"Google\" width=\"17\" height=\"17\" loading=\"lazy\" ><\/trustindex-image><trustindex-image class=\"ti-star\" data-imgurl=\"https:\/\/cdn.trustindex.io\/assets\/platform\/Google\/star\/f.svg\" alt=\"Google\" width=\"17\" height=\"17\" loading=\"lazy\" ><\/trustindex-image><trustindex-image class=\"ti-star\" data-imgurl=\"https:\/\/cdn.trustindex.io\/assets\/platform\/Google\/star\/f.svg\" alt=\"Google\" width=\"17\" height=\"17\" loading=\"lazy\" ><\/trustindex-image><span class=\"ti-verified-review ti-verified-platform\"><span class=\"ti-verified-tooltip\">A Trustindex hiteles\u00edti, hogy a v\u00e9lem\u00e9ny eredeti forr\u00e1sa Google.<\/span><\/span><\/span> <div class=\"ti-review-text-container ti-review-content\"><!-- R-CONTENT -->\u00c9s t\u00e9nyleg \"elvonul\u00f3s h\u00e1z\"...\ud83d\ude0c\nGy\u00f6ny\u00f6r\u0171 helyen, nagyon sz\u00e9p-hangulatos hely. Remek kandall\u00f3 t\u0171z el\u00f6tt \u00fcld\u00f6g\u00e9l\u0151s-borozgat\u00f3s est\u00e9k.<!-- R-CONTENT --><\/div> <span class=\"ti-read-more\" data-container=\".ti-review-content\" data-collapse-text=\"Elrejt\" data-open-text=\"Olvass tov\u00e1bb\" ><\/span> <\/div> <\/div>  <div data-empty=\"0\" class=\"ti-review-item source-Google ti-image-layout-thumbnail\" data-id=\"cfcd208495d565ef66e7dff9f98764da\" > <div class=\"ti-inner\"> <div class=\"ti-review-header\"> <trustindex-image class=\"ti-platform-icon\" data-imgurl=\"https:\/\/cdn.trustindex.io\/assets\/platform\/Google\/icon.svg\" alt=\"Google\" width=\"20\" height=\"20\" loading=\"lazy\" ><\/trustindex-image> <div class=\"ti-profile-img\"> <trustindex-image data-imgurl=\"https:\/\/lh3.googleusercontent.com\/a-\/ALV-UjUeuHOzIOrJ8nS69jTN7UhqewRCIRV8mhgAAj17londruxRJBFU=w40-h40-c-rp-mo-br100\" data-imgurlset=\"https:\/\/lh3.googleusercontent.com\/a-\/ALV-UjUeuHOzIOrJ8nS69jTN7UhqewRCIRV8mhgAAj17londruxRJBFU=w80-h80-c-rp-mo-br100 2x\" alt=\"Zsuzsi Mr\u00e1z profile picture\" loading=\"lazy\" ><\/trustindex-image> <\/div> <div class=\"ti-profile-details\"> <div class=\"ti-name\"> Zsuzsi Mr\u00e1z <\/div> <div class=\"ti-date\">2023-09-30<\/div> <\/div> <\/div> <span class=\"ti-stars\"><trustindex-image class=\"ti-star\" data-imgurl=\"https:\/\/cdn.trustindex.io\/assets\/platform\/Google\/star\/f.svg\" alt=\"Google\" width=\"17\" height=\"17\" loading=\"lazy\" ><\/trustindex-image><trustindex-image class=\"ti-star\" data-imgurl=\"https:\/\/cdn.trustindex.io\/assets\/platform\/Google\/star\/f.svg\" alt=\"Google\" width=\"17\" height=\"17\" loading=\"lazy\" ><\/trustindex-image><trustindex-image class=\"ti-star\" data-imgurl=\"https:\/\/cdn.trustindex.io\/assets\/platform\/Google\/star\/f.svg\" alt=\"Google\" width=\"17\" height=\"17\" loading=\"lazy\" ><\/trustindex-image><trustindex-image class=\"ti-star\" data-imgurl=\"https:\/\/cdn.trustindex.io\/assets\/platform\/Google\/star\/f.svg\" alt=\"Google\" width=\"17\" height=\"17\" loading=\"lazy\" ><\/trustindex-image><trustindex-image class=\"ti-star\" data-imgurl=\"https:\/\/cdn.trustindex.io\/assets\/platform\/Google\/star\/f.svg\" alt=\"Google\" width=\"17\" height=\"17\" loading=\"lazy\" ><\/trustindex-image><span class=\"ti-verified-review ti-verified-platform\"><span class=\"ti-verified-tooltip\">A Trustindex hiteles\u00edti, hogy a v\u00e9lem\u00e9ny eredeti forr\u00e1sa Google.<\/span><\/span><\/span> <div class=\"ti-review-text-container ti-review-content\"><!-- R-CONTENT -->Az eddigi legmegnyugtat\u00f3bb \u00e9s legterm\u00e9szetk\u00f6zelibb hely, ahol az orsz\u00e1gban j\u00e1rtam. J\u00f3 lenne minden nap ide hazat\u00e9rni. Ha meg\u00e9rem az \u00f6regkort mindenk\u00e9ppen ilyen var\u00e1zslatos helyen szeretn\u00e9k \u00e9lni. Legsz\u00edvesebben mindh\u00e1rom napot a teraszon borozgatva, olvasgatva t\u00f6lt\u00f6ttem volna. Nagy kedvencem a M\u00e1tra a b\u00e1mulatos erd\u0151k miatt, de ez a hely m\u00e9g azt is fel\u00fclm\u00falta. Biztosan visszat\u00e9r\u00fcnk m\u00e9g a j\u00f6v\u0151ben. K\u00f6sz\u00f6nj\u00fck az \u00e9lm\u00e9nyt.\n\n2023-ban is visszat\u00e9rt\u00fcnk. Visszah\u00edvott a tavalyi \u00e9lm\u00e9ny, a h\u00e9tk\u00f6znapi tapos\u00f3malom el\u0151li menek\u00fcl\u00e9s. Az idei l\u00e1togat\u00e1s sokkal t\u00f6bb pihen\u00e9ssel telt. K\u00f6nyvolvas\u00e1s a teraszon\/ f\u00fcgg\u0151\u00e1gyban, k\u00f6r\u00fcl\u00f6tt\u00fcnk m\u00f3kusok \u00e9s sz\u00ednpomp\u00e1s madarak, este pedig bekuck\u00f3z\u00f3s kandall\u00f3s semmittev\u00e9s. Idei \u00e9vben \u00fajdons\u00e1ggal is tal\u00e1lkoztunk, a terasz melletti d\u00e9zsaf\u00fcrd\u0151vel. Javaslom az \u0151rs\u00e9gi reggeli kihaszn\u00e1l\u00e1s\u00e1t a foglal\u00e1skor. Eszti sz\u00edv\u00e9t lelk\u00e9t beleteszi, hogy helyi finoms\u00e1gokkal j\u00f3l induljon mindenki napja. Felt\u00f6lt\u0151dt\u00fcnk eml\u00e9kkel, ami az elk\u00f6vetkez\u0151 \u00e9vre plusz energi\u00e1t ad majd! K\u00f6sz\u00f6nj\u00fck id\u00e9n is!\ud83c\udf3f\ud83c\udf3f\ud83c\udf3f<!-- R-CONTENT --><\/div> <span class=\"ti-read-more\" data-container=\".ti-review-content\" data-collapse-text=\"Elrejt\" data-open-text=\"Olvass tov\u00e1bb\" ><\/span> <\/div> <\/div>  <div data-empty=\"0\" class=\"ti-review-item source-Google ti-image-layout-thumbnail\" data-id=\"cfcd208495d565ef66e7dff9f98764da\" > <div class=\"ti-inner\"> <div class=\"ti-review-header\"> <trustindex-image class=\"ti-platform-icon\" data-imgurl=\"https:\/\/cdn.trustindex.io\/assets\/platform\/Google\/icon.svg\" alt=\"Google\" width=\"20\" height=\"20\" loading=\"lazy\" ><\/trustindex-image> <div class=\"ti-profile-img\"> <trustindex-image data-imgurl=\"https:\/\/lh3.googleusercontent.com\/a\/ACg8ocKZDCE33OUgfnsDDa_m4qiSLAwJ2aB01XFzMAMoOpInNiyLsg=w40-h40-c-rp-mo-ba2-br100\" data-imgurlset=\"https:\/\/lh3.googleusercontent.com\/a\/ACg8ocKZDCE33OUgfnsDDa_m4qiSLAwJ2aB01XFzMAMoOpInNiyLsg=w80-h80-c-rp-mo-ba2-br100 2x\" alt=\"Laszlo Gombos profile picture\" loading=\"lazy\" ><\/trustindex-image> <\/div> <div class=\"ti-profile-details\"> <div class=\"ti-name\"> Laszlo Gombos <\/div> <div class=\"ti-date\">2023-08-26<\/div> <\/div> <\/div> <span class=\"ti-stars\"><trustindex-image class=\"ti-star\" data-imgurl=\"https:\/\/cdn.trustindex.io\/assets\/platform\/Google\/star\/f.svg\" alt=\"Google\" width=\"17\" height=\"17\" loading=\"lazy\" ><\/trustindex-image><trustindex-image class=\"ti-star\" data-imgurl=\"https:\/\/cdn.trustindex.io\/assets\/platform\/Google\/star\/f.svg\" alt=\"Google\" width=\"17\" height=\"17\" loading=\"lazy\" ><\/trustindex-image><trustindex-image class=\"ti-star\" data-imgurl=\"https:\/\/cdn.trustindex.io\/assets\/platform\/Google\/star\/f.svg\" alt=\"Google\" width=\"17\" height=\"17\" loading=\"lazy\" ><\/trustindex-image><trustindex-image class=\"ti-star\" data-imgurl=\"https:\/\/cdn.trustindex.io\/assets\/platform\/Google\/star\/f.svg\" alt=\"Google\" width=\"17\" height=\"17\" loading=\"lazy\" ><\/trustindex-image><trustindex-image class=\"ti-star\" data-imgurl=\"https:\/\/cdn.trustindex.io\/assets\/platform\/Google\/star\/e.svg\" alt=\"Google\" width=\"17\" height=\"17\" loading=\"lazy\" ><\/trustindex-image><span class=\"ti-verified-review ti-verified-platform\"><span class=\"ti-verified-tooltip\">A Trustindex hiteles\u00edti, hogy a v\u00e9lem\u00e9ny eredeti forr\u00e1sa Google.<\/span><\/span><\/span> <div class=\"ti-review-text-container ti-review-content\"><!-- R-CONTENT -->Kisebb dombon van egy erd\u0151 mellett. Az \u00fat 3 helyen m\u00e9lyen k\u00e1ty\u00fas, \u00e9rdemes teh\u00e1t odafigyelni.\nA h\u00e1z sz\u00e9p, \u00e9rtelmes koncepci\u00f3 alapj\u00e1n \u00e9p\u00fclt, udvar rendezett. Berendez\u00e9s sz\u00e9p, ig\u00e9nyes, k\u00f6nyvek, j\u00e1t\u00e9kok is vannak. WC a f\u00fcrd\u0151szob\u00e1ban van.\nSajnos nem klimatiz\u00e1lt, \u00e9rdemes reggel szell\u0151ztetni.\nA felszerelts\u00e9ghez j\u00f3 lenne egy mikro is. H\u0171t\u0151 kapacit\u00e1sa egy csal\u00e1dnak \u00e9ppen elegend\u0151, h\u0171t\u0151 teh\u00e1t nem nagy.\nSz\u00fanyogh\u00e1l\u00f3 sokat seg\u00edtene legal\u00e1bb egy ablakon, az erd\u0151 miatt el\u00e9g sok a sz\u00fanyog. Szauna faf\u0171t\u00e9s\u0171, ez\u00e9rt a tulaj fel\u00e1rat k\u00e9r (5000 Ft\/ kis kos\u00e1r).\n\u00d6sszess\u00e9g\u00e9ben sz\u00e9p, nyugalmas hely.<!-- R-CONTENT --><\/div> <span class=\"ti-read-more\" data-container=\".ti-review-content\" data-collapse-text=\"Elrejt\" data-open-text=\"Olvass tov\u00e1bb\" ><\/span> <\/div> <\/div>  <div data-empty=\"0\" class=\"ti-review-item source-Google ti-image-layout-thumbnail\" data-id=\"cfcd208495d565ef66e7dff9f98764da\" > <div class=\"ti-inner\"> <div class=\"ti-review-header\"> <trustindex-image class=\"ti-platform-icon\" data-imgurl=\"https:\/\/cdn.trustindex.io\/assets\/platform\/Google\/icon.svg\" alt=\"Google\" width=\"20\" height=\"20\" loading=\"lazy\" ><\/trustindex-image> <div class=\"ti-profile-img\"> <trustindex-image data-imgurl=\"https:\/\/lh3.googleusercontent.com\/a-\/ALV-UjULR5s206kxg5VGiiWqqy44B5M1eIJRPcQXXuoksZoOXeikKlbsHw=w40-h40-c-rp-mo-br100\" data-imgurlset=\"https:\/\/lh3.googleusercontent.com\/a-\/ALV-UjULR5s206kxg5VGiiWqqy44B5M1eIJRPcQXXuoksZoOXeikKlbsHw=w80-h80-c-rp-mo-br100 2x\" alt=\"Norbert Vid\u00f3 profile picture\" loading=\"lazy\" ><\/trustindex-image> <\/div> <div class=\"ti-profile-details\"> <div class=\"ti-name\"> Norbert Vid\u00f3 <\/div> <div class=\"ti-date\">2023-08-12<\/div> <\/div> <\/div> <span class=\"ti-stars\"><trustindex-image class=\"ti-star\" data-imgurl=\"https:\/\/cdn.trustindex.io\/assets\/platform\/Google\/star\/f.svg\" alt=\"Google\" width=\"17\" height=\"17\" loading=\"lazy\" ><\/trustindex-image><trustindex-image class=\"ti-star\" data-imgurl=\"https:\/\/cdn.trustindex.io\/assets\/platform\/Google\/star\/f.svg\" alt=\"Google\" width=\"17\" height=\"17\" loading=\"lazy\" ><\/trustindex-image><trustindex-image class=\"ti-star\" data-imgurl=\"https:\/\/cdn.trustindex.io\/assets\/platform\/Google\/star\/f.svg\" alt=\"Google\" width=\"17\" height=\"17\" loading=\"lazy\" ><\/trustindex-image><trustindex-image class=\"ti-star\" data-imgurl=\"https:\/\/cdn.trustindex.io\/assets\/platform\/Google\/star\/f.svg\" alt=\"Google\" width=\"17\" height=\"17\" loading=\"lazy\" ><\/trustindex-image><trustindex-image class=\"ti-star\" data-imgurl=\"https:\/\/cdn.trustindex.io\/assets\/platform\/Google\/star\/f.svg\" alt=\"Google\" width=\"17\" height=\"17\" loading=\"lazy\" ><\/trustindex-image><span class=\"ti-verified-review ti-verified-platform\"><span class=\"ti-verified-tooltip\">A Trustindex hiteles\u00edti, hogy a v\u00e9lem\u00e9ny eredeti forr\u00e1sa Google.<\/span><\/span><\/span> <div class=\"ti-review-text-container ti-review-content\"><!-- R-CONTENT -->Adn\u00e9k ak\u00e1r t\u00edzszer ennyi csillagot is<!-- R-CONTENT --><\/div> <span class=\"ti-read-more\" data-container=\".ti-review-content\" data-collapse-text=\"Elrejt\" data-open-text=\"Olvass tov\u00e1bb\" ><\/span> <\/div> <\/div>  <div data-empty=\"0\" class=\"ti-review-item source-Google ti-image-layout-thumbnail\" data-id=\"cfcd208495d565ef66e7dff9f98764da\" > <div class=\"ti-inner\"> <div class=\"ti-review-header\"> <trustindex-image class=\"ti-platform-icon\" data-imgurl=\"https:\/\/cdn.trustindex.io\/assets\/platform\/Google\/icon.svg\" alt=\"Google\" width=\"20\" height=\"20\" loading=\"lazy\" ><\/trustindex-image> <div class=\"ti-profile-img\"> <trustindex-image data-imgurl=\"https:\/\/lh3.googleusercontent.com\/a-\/ALV-UjXUHhB_oDmdKMnzRGzVGyo47e2doNgpo89xxs0SzFLkg7juLmIRZg=w40-h40-c-rp-mo-ba3-br100\" data-imgurlset=\"https:\/\/lh3.googleusercontent.com\/a-\/ALV-UjXUHhB_oDmdKMnzRGzVGyo47e2doNgpo89xxs0SzFLkg7juLmIRZg=w80-h80-c-rp-mo-ba3-br100 2x\" alt=\"Bence Kincses profile picture\" loading=\"lazy\" ><\/trustindex-image> <\/div> <div class=\"ti-profile-details\"> <div class=\"ti-name\"> Bence Kincses <\/div> <div class=\"ti-date\">2023-06-15<\/div> <\/div> <\/div> <span class=\"ti-stars\"><trustindex-image class=\"ti-star\" data-imgurl=\"https:\/\/cdn.trustindex.io\/assets\/platform\/Google\/star\/f.svg\" alt=\"Google\" width=\"17\" height=\"17\" loading=\"lazy\" ><\/trustindex-image><trustindex-image class=\"ti-star\" data-imgurl=\"https:\/\/cdn.trustindex.io\/assets\/platform\/Google\/star\/f.svg\" alt=\"Google\" width=\"17\" height=\"17\" loading=\"lazy\" ><\/trustindex-image><trustindex-image class=\"ti-star\" data-imgurl=\"https:\/\/cdn.trustindex.io\/assets\/platform\/Google\/star\/f.svg\" alt=\"Google\" width=\"17\" height=\"17\" loading=\"lazy\" ><\/trustindex-image><trustindex-image class=\"ti-star\" data-imgurl=\"https:\/\/cdn.trustindex.io\/assets\/platform\/Google\/star\/f.svg\" alt=\"Google\" width=\"17\" height=\"17\" loading=\"lazy\" ><\/trustindex-image><trustindex-image class=\"ti-star\" data-imgurl=\"https:\/\/cdn.trustindex.io\/assets\/platform\/Google\/star\/f.svg\" alt=\"Google\" width=\"17\" height=\"17\" loading=\"lazy\" ><\/trustindex-image><span class=\"ti-verified-review ti-verified-platform\"><span class=\"ti-verified-tooltip\">A Trustindex hiteles\u00edti, hogy a v\u00e9lem\u00e9ny eredeti forr\u00e1sa Google.<\/span><\/span><\/span> <div class=\"ti-review-text-container ti-review-content\"><!-- R-CONTENT -->We come at least twice a year, just fabolous.<!-- R-CONTENT --><\/div> <span class=\"ti-read-more\" data-container=\".ti-review-content\" data-collapse-text=\"Elrejt\" data-open-text=\"Olvass tov\u00e1bb\" ><\/span> <\/div> <\/div>  <\/div> <div class=\"ti-load-more-reviews-container\"> <div class=\"ti-load-more-reviews-button\" style=\"display: none\">T\u00f6bb bet\u00f6lt\u00e9se<\/div> <\/div> <\/div>    <\/div> <\/div> <\/template><\/pre><div data-src=\"https:\/\/cdn.trustindex.io\/loader.js?wp-widget\" data-template-id=\"trustindex-google-widget-html\" data-css-url=\"https:\/\/heted7nap.hu\/wp-content\/uploads\/trustindex-google-widget.css?1744003118\"><\/div> <div data-src=\"https:\/\/cdn.trustindex.io\/loader.js?a3aa9d8362443871958691369df\"><\/div><\/p>","protected":false},"excerpt":{"rendered":"","protected":false},"author":5,"featured_media":0,"parent":0,"menu_order":0,"comment_status":"closed","ping_status":"closed","template":"elementor_canvas","meta":{"footnotes":""},"class_list":["post-4853","page","type-page","status-publish","hentry"],"jetpack-related-posts":[],"jetpack_sharing_enabled":true,"_links":{"self":[{"href":"https:\/\/heted7nap.hu\/en\/wp-json\/wp\/v2\/pages\/4853","targetHints":{"allow":["GET"]}}],"collection":[{"href":"https:\/\/heted7nap.hu\/en\/wp-json\/wp\/v2\/pages"}],"about":[{"href":"https:\/\/heted7nap.hu\/en\/wp-json\/wp\/v2\/types\/page"}],"author":[{"embeddable":true,"href":"https:\/\/heted7nap.hu\/en\/wp-json\/wp\/v2\/users\/5"}],"replies":[{"embeddable":true,"href":"https:\/\/heted7nap.hu\/en\/wp-json\/wp\/v2\/comments?post=4853"}],"version-history":[{"count":14,"href":"https:\/\/heted7nap.hu\/en\/wp-json\/wp\/v2\/pages\/4853\/revisions"}],"predecessor-version":[{"id":5192,"href":"https:\/\/heted7nap.hu\/en\/wp-json\/wp\/v2\/pages\/4853\/revisions\/5192"}],"wp:attachment":[{"href":"https:\/\/heted7nap.hu\/en\/wp-json\/wp\/v2\/media?parent=4853"}],"curies":[{"name":"wp","href":"https:\/\/api.w.org\/{rel}","templated":true}]}}